{"id":87,"date":"2010-10-29T10:49:56","date_gmt":"2010-10-29T08:49:56","guid":{"rendered":"http:\/\/www.matai.de\/home\/?page_id=87"},"modified":"2024-05-30T16:27:06","modified_gmt":"2024-05-30T14:27:06","slug":"inkjet-graphic-art","status":"publish","type":"page","link":"https:\/\/www.matai.de\/home\/papier-folie\/inkjet-graphic-art\/","title":{"rendered":"Inkjet Graphic Art"},"content":{"rendered":"<div id=\"attachment_88\" style=\"width: 270px\" class=\"wp-caption alignleft\"><a href=\"https:\/\/www.matai.de\/home\/papier-folie\/inkjet-graphic-art\/graphic_art\/\" rel=\"attachment wp-att-88\"><img loading=\"lazy\" decoding=\"async\" aria-describedby=\"caption-attachment-88\" class=\"size-full wp-image-88 \" title=\"Graphic_Art\" src=\"https:\/\/www.matai.de\/home\/wp-content\/uploads\/2010\/10\/Graphic_Art.jpg\" alt width=\"260\" height=\"224\" srcset=\"https:\/\/www.matai.de\/home\/wp-content\/uploads\/2010\/10\/Graphic_Art.jpg 260w, https:\/\/www.matai.de\/home\/wp-content\/uploads\/2010\/10\/Graphic_Art-150x129.jpg 150w\" sizes=\"auto, (max-width: 260px) 100vw, 260px\"><\/a><p id=\"caption-attachment-88\" class=\"wp-caption-text\"><span class=\"caps\">MATAI<\/span> Inkjet Gra\u00adphic&nbsp;Art<\/p><\/div>\n<p style=\"text-align: justify;\"><a href=\"https:\/\/www.matai.de\/home\/wp-content\/uploads\/2024\/05\/Katalog_N_ab_240528_pl.pdf\" target=\"_blank\" rel=\"noopener noreferrer\">Unse\u00adre Produkt\u00fcbersicht<\/a><\/p>\n<address style=\"text-align: justify;\">&nbsp;<\/address>\n<address style=\"text-align: justify;\">Kunst kommt von K\u00f6n\u00adnen. Stel\u00adlen Sie Ihre Kunst ins rech\u00adte Licht, mit Inkjet\u00addru\u00adcken h\u00f6chs\u00adter Qua\u00adli\u00adt\u00e4t. Unse\u00adre Papie\u00adre und Foli\u00aden hel\u00adfen Ihnen auf dem Weg zum fei\u00adnen&nbsp;Bild.<\/address>\n<address style=\"text-align: justify;\">&nbsp;<\/address>\n<address style=\"text-align: justify;\">&nbsp;<\/address>\n<div>\n<div>\n<h3 style=\"text-align: left;\"><strong>Graphische Vollfarb-Druckmaterialien<br>\nf\u00fcr h\u00f6chste Qualit\u00e4tsanspr\u00fcche<\/strong><\/h3>\n<\/div>\n<\/div>\n<p style=\"text-align: justify;\">Ob Sie eine Wer\u00adbe\u00adagen\u00adtur betrei\u00adben, digi\u00adta\u00adle Pho\u00adtos dru\u00adcken m\u00f6ch\u00adten oder gewerb\u00adlich Wer\u00adbung mit dem digi\u00adta\u00adlen Gro\u00df\u00adfor\u00admat-Tin\u00adten\u00adstrahl\u00addruck aus\u00adge\u00adben, wir bie\u00adten Ihnen f\u00fcr fast alle Anwen\u00addun\u00adgen eine tech\u00adnisch gute und wirt\u00adschaft\u00adli\u00adche M\u00f6g\u00adlich\u00adkeit, das bes\u00adte aus Ihren Daten zu&nbsp;holen.<\/p>\n<p style=\"text-align: justify;\">Unser Lie\u00adfer\u00adpro\u00adgramm ent\u00adh\u00e4lt (unter anderem):<\/p>\n<ul style=\"text-align: justify;\">\n<li>Gl\u00e4n\u00adzen\u00adde Inkjet-Pho\u00adto\u00adpa\u00adpie\u00adre ab 165 g\/m\u00b2 aufw\u00e4rts<\/li>\n<li>Sei\u00adden\u00admat\u00adte Inkjet-Pho\u00adto-\/Pos\u00adter\u00adpa\u00adpie\u00adre ab 160 g\/m\u00b2<\/li>\n<li>Mat\u00adte Inkjet\u00adpa\u00adpie\u00adre, ein- und beid\u00adsei\u00adtig beschich\u00adtet f\u00fcr h\u00f6chs\u00adte Aufl\u00f6sungen<\/li>\n<li>Poly\u00ades\u00adter\u00adfo\u00adli\u00aden und Vinyle (auch selbst\u00adkle\u00adbend) f\u00fcr Dru\u00adcke in Photoqualit\u00e4t<\/li>\n<li>Tyvek\u00ae und Lein\u00adwand (Can\u00advas)<\/li>\n<li>Spe\u00adzi\u00adal\u00adsor\u00adti\u00adment f\u00fcr pig\u00admen\u00adtier\u00adte Tinten<\/li>\n<li>Schutz\u00adla\u00admi\u00adna\u00adte und Kaschierfolien<\/li>\n<li>Spe\u00adzia\u00adli\u00adt\u00e4\u00adten zur Anwen\u00addung mit L\u00f6se\u00admit\u00adtel\u00adtin\u00adten (sol\u00adven\u00adt\/e\u00adco-sol\u00advent)<\/li>\n<\/ul>\n","protected":false},"excerpt":{"rendered":"<p>Unse\u00adre Pro\u00addukt\u00ad\u00fcber\u00adsicht &nbsp; Kunst kommt von K\u00f6n\u00adnen. Stel\u00adlen Sie Ihre Kunst ins rech\u00adte Licht, mit Inkjet\u00addru\u00adcken h\u00f6chs\u00adter Qua\u00adli\u00adt\u00e4t. Unse\u00adre Papie\u00adre und Foli\u00aden hel\u00adfen Ihnen auf dem Weg zum fei\u00adnen&nbsp;Bild. &nbsp; &nbsp; Gra\u00adphi\u00adsche Voll\u00adfarb-Druck\u00adma\u00adte\u00adria\u00adli\u00aden f\u00fcr h\u00f6chs\u00adte Qua\u00adli\u00adt\u00e4ts\u00adan\u00adspr\u00fc\u00adche Ob Sie eine Wer\u00adbe\u00adagen\u00adtur \u2026 <a href=\"https:\/\/www.matai.de\/home\/papier-folie\/inkjet-graphic-art\/\">Wei\u00adter\u00adle\u00adsen <span class=\"meta-nav\">\u2192<\/span><\/a><\/p>\n","protected":false},"author":1,"featured_media":0,"parent":71,"menu_order":1,"comment_status":"closed","ping_status":"closed","template":"","meta":{"wp_typography_post_enhancements_disabled":false,"advgb_blocks_editor_width":"","advgb_blocks_columns_visual_guide":"","footnotes":""},"class_list":["post-87","page","type-page","status-publish","hentry"],"yoast_head":"<!-- This site is optimized with the Yoast SEO plugin v24.8.1 - https:\/\/yoast.com\/wordpress\/plugins\/seo\/ -->\n<title>Inkjet Graphic Art - Dipl.-Ing. R. Matai e.K.<\/title>\n<meta name=\"robots\" content=\"index, follow, max-snippet:-1, max-image-preview:large, max-video-preview:-1\" \/>\n<link rel=\"canonical\" href=\"https:\/\/www.matai.de\/home\/papier-folie\/inkjet-graphic-art\/\" \/>\n<meta property=\"og:locale\" content=\"de_DE\" \/>\n<meta property=\"og:type\" content=\"article\" \/>\n<meta property=\"og:title\" content=\"Inkjet Graphic Art - Dipl.-Ing. R. Matai e.K.\" \/>\n<meta property=\"og:description\" content=\"Unse\u00adre Produkt\u00fcbersicht &nbsp; Kunst kommt von K\u00f6n\u00adnen. Stel\u00adlen Sie Ihre Kunst ins rech\u00adte Licht, mit Inkjet\u00addru\u00adcken h\u00f6chs\u00adter Qua\u00adli\u00adt\u00e4t. Unse\u00adre Papie\u00adre und Foli\u00aden hel\u00adfen Ihnen auf dem Weg zum fei\u00adnen&nbsp;Bild. &nbsp; &nbsp; Graphische Vollfarb-Druckmaterialien f\u00fcr h\u00f6chste Qualit\u00e4tsanspr\u00fcche Ob Sie eine Wer\u00adbe\u00adagen\u00adtur &hellip; Weiterlesen &rarr;\" \/>\n<meta property=\"og:url\" content=\"https:\/\/www.matai.de\/home\/papier-folie\/inkjet-graphic-art\/\" \/>\n<meta property=\"og:site_name\" content=\"Dipl.-Ing. R. Matai e.K.\" \/>\n<meta property=\"article:modified_time\" content=\"2024-05-30T14:27:06+00:00\" \/>\n<meta property=\"og:image\" content=\"http:\/\/www.matai.de\/home\/wp-content\/uploads\/2010\/10\/Graphic_Art.jpg\" \/>\n<meta name=\"twitter:card\" content=\"summary_large_image\" \/>\n<meta name=\"twitter:label1\" content=\"Gesch\u00e4tzte Lesezeit\" \/>\n\t<meta name=\"twitter:data1\" content=\"1\u00a0Minute\" \/>\n<script type=\"application\/ld+json\" class=\"yoast-schema-graph\">{\"@context\":\"https:\/\/schema.org\",\"@graph\":[{\"@type\":\"WebPage\",\"@id\":\"https:\/\/www.matai.de\/home\/papier-folie\/inkjet-graphic-art\/\",\"url\":\"https:\/\/www.matai.de\/home\/papier-folie\/inkjet-graphic-art\/\",\"name\":\"Inkjet Graphic Art - Dipl.-Ing. R. Matai e.K.\",\"isPartOf\":{\"@id\":\"https:\/\/www.matai.de\/home\/#website\"},\"primaryImageOfPage\":{\"@id\":\"https:\/\/www.matai.de\/home\/papier-folie\/inkjet-graphic-art\/#primaryimage\"},\"image\":{\"@id\":\"https:\/\/www.matai.de\/home\/papier-folie\/inkjet-graphic-art\/#primaryimage\"},\"thumbnailUrl\":\"http:\/\/www.matai.de\/home\/wp-content\/uploads\/2010\/10\/Graphic_Art.jpg\",\"datePublished\":\"2010-10-29T08:49:56+00:00\",\"dateModified\":\"2024-05-30T14:27:06+00:00\",\"breadcrumb\":{\"@id\":\"https:\/\/www.matai.de\/home\/papier-folie\/inkjet-graphic-art\/#breadcrumb\"},\"inLanguage\":\"de\",\"potentialAction\":[{\"@type\":\"ReadAction\",\"target\":[\"https:\/\/www.matai.de\/home\/papier-folie\/inkjet-graphic-art\/\"]}]},{\"@type\":\"ImageObject\",\"inLanguage\":\"de\",\"@id\":\"https:\/\/www.matai.de\/home\/papier-folie\/inkjet-graphic-art\/#primaryimage\",\"url\":\"https:\/\/www.matai.de\/home\/wp-content\/uploads\/2010\/10\/Graphic_Art.jpg\",\"contentUrl\":\"https:\/\/www.matai.de\/home\/wp-content\/uploads\/2010\/10\/Graphic_Art.jpg\",\"width\":\"260\",\"height\":\"224\",\"caption\":\"MATAI Inkjet Graphic Art\"},{\"@type\":\"BreadcrumbList\",\"@id\":\"https:\/\/www.matai.de\/home\/papier-folie\/inkjet-graphic-art\/#breadcrumb\",\"itemListElement\":[{\"@type\":\"ListItem\",\"position\":1,\"name\":\"Startseite\",\"item\":\"https:\/\/www.matai.de\/home\/\"},{\"@type\":\"ListItem\",\"position\":2,\"name\":\"Folie &#038; Papier\",\"item\":\"https:\/\/www.matai.de\/home\/papier-folie\/\"},{\"@type\":\"ListItem\",\"position\":3,\"name\":\"Inkjet Graphic Art\"}]},{\"@type\":\"WebSite\",\"@id\":\"https:\/\/www.matai.de\/home\/#website\",\"url\":\"https:\/\/www.matai.de\/home\/\",\"name\":\"Dipl.-Ing. R. Matai e.K.\",\"description\":\"Plotter, PPC- und Papiertechnik\",\"potentialAction\":[{\"@type\":\"SearchAction\",\"target\":{\"@type\":\"EntryPoint\",\"urlTemplate\":\"https:\/\/www.matai.de\/home\/?s={search_term_string}\"},\"query-input\":{\"@type\":\"PropertyValueSpecification\",\"valueRequired\":true,\"valueName\":\"search_term_string\"}}],\"inLanguage\":\"de\"}]}<\/script>\n<!-- \/ Yoast SEO plugin. -->","yoast_head_json":{"title":"Inkjet Graphic Art - Dipl.-Ing. R. Matai e.K.","robots":{"index":"index","follow":"follow","max-snippet":"max-snippet:-1","max-image-preview":"max-image-preview:large","max-video-preview":"max-video-preview:-1"},"canonical":"https:\/\/www.matai.de\/home\/papier-folie\/inkjet-graphic-art\/","og_locale":"de_DE","og_type":"article","og_title":"Inkjet Graphic Art - Dipl.-Ing. R. Matai e.K.","og_description":"Unse\u00adre Produkt\u00fcbersicht &nbsp; Kunst kommt von K\u00f6n\u00adnen. Stel\u00adlen Sie Ihre Kunst ins rech\u00adte Licht, mit Inkjet\u00addru\u00adcken h\u00f6chs\u00adter Qua\u00adli\u00adt\u00e4t. Unse\u00adre Papie\u00adre und Foli\u00aden hel\u00adfen Ihnen auf dem Weg zum fei\u00adnen&nbsp;Bild. &nbsp; &nbsp; Graphische Vollfarb-Druckmaterialien f\u00fcr h\u00f6chste Qualit\u00e4tsanspr\u00fcche Ob Sie eine Wer\u00adbe\u00adagen\u00adtur &hellip; Weiterlesen &rarr;","og_url":"https:\/\/www.matai.de\/home\/papier-folie\/inkjet-graphic-art\/","og_site_name":"Dipl.-Ing. R. Matai e.K.","article_modified_time":"2024-05-30T14:27:06+00:00","og_image":[{"url":"http:\/\/www.matai.de\/home\/wp-content\/uploads\/2010\/10\/Graphic_Art.jpg","type":"","width":"","height":""}],"twitter_card":"summary_large_image","twitter_misc":{"Gesch\u00e4tzte Lesezeit":"1\u00a0Minute"},"schema":{"@context":"https:\/\/schema.org","@graph":[{"@type":"WebPage","@id":"https:\/\/www.matai.de\/home\/papier-folie\/inkjet-graphic-art\/","url":"https:\/\/www.matai.de\/home\/papier-folie\/inkjet-graphic-art\/","name":"Inkjet Graphic Art - Dipl.-Ing. R. Matai e.K.","isPartOf":{"@id":"https:\/\/www.matai.de\/home\/#website"},"primaryImageOfPage":{"@id":"https:\/\/www.matai.de\/home\/papier-folie\/inkjet-graphic-art\/#primaryimage"},"image":{"@id":"https:\/\/www.matai.de\/home\/papier-folie\/inkjet-graphic-art\/#primaryimage"},"thumbnailUrl":"http:\/\/www.matai.de\/home\/wp-content\/uploads\/2010\/10\/Graphic_Art.jpg","datePublished":"2010-10-29T08:49:56+00:00","dateModified":"2024-05-30T14:27:06+00:00","breadcrumb":{"@id":"https:\/\/www.matai.de\/home\/papier-folie\/inkjet-graphic-art\/#breadcrumb"},"inLanguage":"de","potentialAction":[{"@type":"ReadAction","target":["https:\/\/www.matai.de\/home\/papier-folie\/inkjet-graphic-art\/"]}]},{"@type":"ImageObject","inLanguage":"de","@id":"https:\/\/www.matai.de\/home\/papier-folie\/inkjet-graphic-art\/#primaryimage","url":"https:\/\/www.matai.de\/home\/wp-content\/uploads\/2010\/10\/Graphic_Art.jpg","contentUrl":"https:\/\/www.matai.de\/home\/wp-content\/uploads\/2010\/10\/Graphic_Art.jpg","width":"260","height":"224","caption":"MATAI Inkjet Graphic Art"},{"@type":"BreadcrumbList","@id":"https:\/\/www.matai.de\/home\/papier-folie\/inkjet-graphic-art\/#breadcrumb","itemListElement":[{"@type":"ListItem","position":1,"name":"Startseite","item":"https:\/\/www.matai.de\/home\/"},{"@type":"ListItem","position":2,"name":"Folie &#038; Papier","item":"https:\/\/www.matai.de\/home\/papier-folie\/"},{"@type":"ListItem","position":3,"name":"Inkjet Graphic Art"}]},{"@type":"WebSite","@id":"https:\/\/www.matai.de\/home\/#website","url":"https:\/\/www.matai.de\/home\/","name":"Dipl.-Ing. R. Matai e.K.","description":"Plotter, PPC- und Papiertechnik","potentialAction":[{"@type":"SearchAction","target":{"@type":"EntryPoint","urlTemplate":"https:\/\/www.matai.de\/home\/?s={search_term_string}"},"query-input":{"@type":"PropertyValueSpecification","valueRequired":true,"valueName":"search_term_string"}}],"inLanguage":"de"}]}},"coauthors":[],"author_meta":{"author_link":"https:\/\/www.matai.de\/home\/author\/admin\/","display_name":"admin"},"relative_dates":{"created":"Posted 16\u00a0Jahren ago","modified":"Updated 2\u00a0Jahren ago"},"absolute_dates":{"created":"Posted on 29. Oktober 2010","modified":"Updated on 30. Mai 2024"},"absolute_dates_time":{"created":"Posted on 29. Oktober 2010 10:49","modified":"Updated on 30. Mai 2024 16:27"},"featured_img_caption":"","featured_img":false,"series_order":"","_links":{"self":[{"href":"https:\/\/www.matai.de\/home\/wp-json\/wp\/v2\/pages\/87","targetHints":{"allow":["GET"]}}],"collection":[{"href":"https:\/\/www.matai.de\/home\/wp-json\/wp\/v2\/pages"}],"about":[{"href":"https:\/\/www.matai.de\/home\/wp-json\/wp\/v2\/types\/page"}],"author":[{"embeddable":true,"href":"https:\/\/www.matai.de\/home\/wp-json\/wp\/v2\/users\/1"}],"replies":[{"embeddable":true,"href":"https:\/\/www.matai.de\/home\/wp-json\/wp\/v2\/comments?post=87"}],"version-history":[{"count":2,"href":"https:\/\/www.matai.de\/home\/wp-json\/wp\/v2\/pages\/87\/revisions"}],"predecessor-version":[{"id":1426,"href":"https:\/\/www.matai.de\/home\/wp-json\/wp\/v2\/pages\/87\/revisions\/1426"}],"up":[{"embeddable":true,"href":"https:\/\/www.matai.de\/home\/wp-json\/wp\/v2\/pages\/71"}],"wp:attachment":[{"href":"https:\/\/www.matai.de\/home\/wp-json\/wp\/v2\/media?parent=87"}],"curies":[{"name":"wp","href":"https:\/\/api.w.org\/{rel}","templated":true}]}}